{"id":4446,"date":"2020-06-11T20:23:36","date_gmt":"2020-06-11T20:23:36","guid":{"rendered":"http:\/\/romeotaschin.de\/?page_id=4446"},"modified":"2020-06-13T13:14:29","modified_gmt":"2020-06-13T13:14:29","slug":"rt-datenschutzerklaerung","status":"publish","type":"page","link":"http:\/\/romeotaschin.de\/it\/rt-datenschutzerklaerung\/","title":{"rendered":"Datenschutzerkl\u00e4rung"},"content":{"rendered":"<p>[vc_row][vc_column][vc_column_text]<strong>DATENSCHUTZERKL\u00c4RUNG<\/strong><\/p>\n<p><strong>A. Verantwortlich f\u00fcr die Datenverarbeitung<\/strong><br \/>\nVerantwortlich f\u00fcr die Verarbeitung personenbezogener Daten im Rahmen dieses Webauftritts gem\u00e4\u00df den<br \/>\nVorschriften der Datenschutzgrundverordnung (DSGVO) ist:<br \/>\nRomeo taschin The Gastro Coach<br \/>\nSpessartstrasse 39A<br \/>\nD-97249 Eisingen<br \/>\nTel:0049 \/ 176 \/ 45614142<br \/>\nWeb: www.romeotaschin.de<br \/>\nE-Mail: romeo.taschin@romeotaschin.de<br \/>\nMit dieser Datenschutzerkl\u00e4rung informieren wir Sie \u00fcber den Umfang der Verarbeitung Ihrer personenbezogenen<br \/>\nDaten (nachfolgend nur noch \u201eDaten\u201c).<\/p>\n<p>&nbsp;<\/p>\n<p><strong>B. Datenverarbeitung<\/strong><br \/>\nIm Rahmen des Betriebs unserer Webseite verarbeiten wir Daten. Die Verarbeitung der Daten umfasst auch die<br \/>\nOffenlegung durch \u00dcbermittlung.<br \/>\nDie im Einzelnen betroffenen Daten, Verarbeitungszwecke, Rechtsgrundlagen, Empf\u00e4nger und \u00dcbermittlungen in<br \/>\nDrittstaaten sind in der nachfolgenden Aufstellung aufgef\u00fchrt:<br \/>\na) Logdatei<br \/>\nWir protokollieren Ihren Besuch auf unseren Webseiten. Dabei werden die folgenden Daten verarbeitet: Name der<br \/>\njeweils abgerufenen Webseite, Datum und Uhrzeit des Abrufs, die \u00fcbertragene Datenmenge, der Browsertyp nebst<br \/>\nVersion, das von Ihnen genutzte Betriebssystem, die Referrer-URL (die zuvor besuchte Webseite), Ihre IP-Adresse<br \/>\nund der anfragende Provider. Dies ist notwendig, um die Sicherheit der Webseite zu gew\u00e4hrleisten. Die Daten<br \/>\nverarbeiten wir entsprechend auf der Grundlage unserer berechtigten Interessen gem\u00e4\u00df Art. 6 Abs. 1 f)DSGVO.<br \/>\nDie Logdatei wird nach Ablauf von sieben Tagen gel\u00f6scht, es sei denn, dass diese zur Aufkl\u00e4rung oder zum<br \/>\nNachweis konkreter Rechtsverletzungen, die innerhalb der Aufbewahrungsfrist bekannt geworden sind, ben\u00f6tigt<br \/>\nwird.<br \/>\nb) Hosting<br \/>\nIm Rahmen des Hostings werden s\u00e4mtliche im Zusammenhang mit dem Betrieb dieser Website zu verarbeitenden<br \/>\nDaten gespeichert. Dies ist notwendig, um den Betrieb der Webseite zu erm\u00f6glichen. Die Daten verarbeiten wir<br \/>\nentsprechend auf der Grundlage unserer berechtigten Interessen gem\u00e4\u00df Art. 6 Abs. 1 f)DSGVO. Zur Bereitstellung<br \/>\nunseres Onlineauftritts nutzen wir Dienste von Webhosting-Anbietern, denen wir die oben genannten Daten<br \/>\n\u00fcbermitteln.<br \/>\nc) Kontaktaufnahme<br \/>\nSofern Sie mit uns Kontakt aufnehmen, werden Ihre Daten (Name, Kontaktdaten, sofern von Ihnen angegeben)<br \/>\nund Ihre Nachricht ausschlie\u00dflich zum Zwecke der Bearbeitung und Abwicklung Ihrer Anfrage verarbeitet. Diese<br \/>\nDaten werden von uns auf der Grundlage des Art. 6 Abs. 1 b) DSGVO oder des Art. 6 Abs. 1 f)DSGVO zur<br \/>\nAbwicklung Ihrer Anfrage verarbeitet.<br \/>\nd) Webseitenanalyse und Marketing<br \/>\nUm die Nutzung bestimmter Funktionen zu erm\u00f6glichen verwenden wir sogenannte Cookies. Hierbei handelt es<br \/>\nsich um kurze Datenpakete, die auf Ihrem Endger\u00e4t gespeichert und mit anderen Anbietern ausgetauscht werden.<br \/>\nEinige der von uns verwendeten Cookies werden nach dem Schlie\u00dfen Ihres Browsers unmittelbar gel\u00f6scht (sog.<br \/>\nSitzungs-Cookies). Andere Cookies verbleiben auf Ihrem Endger\u00e4t und erm\u00f6glichen es, Ihren Browser beim<br \/>\nn\u00e4chsten Besuch wiederzuerkennen (persistente Cookies).<br \/>\nSie k\u00f6nnen alle auf Ihrem Endger\u00e4t gespeicherten Cookies l\u00f6schen und die g\u00e4ngigen Browser so einstellen, dass<br \/>\ndas Speichern von Cookies verhindert wird.<br \/>\nIn diesem Falle m\u00fcssen Sie m\u00f6glicherweise einige Einstellungen bei jedem Besuch dieser Webseite erneut<br \/>\nvornehmen und die Beeintr\u00e4chtigung mancher Funktionen in Kauf nehmen.<br \/>\nWir verwenden Cookies im Zusammenhang mit den nachfolgenden Funktionalit\u00e4ten:<br \/>\nGoogle Analytics<br \/>\nDiese Website nutzt Funktionen des Webanalysedienstes Google Analytics. Anbieter ist die Google Ireland Limited<br \/>\n(\u201eGoogle\u201c), Gordon House, Barrow Street, Dublin 4, Irland.<br \/>\nGoogle Analytics verwendet so genannte \u201eCookies\u201c. Das sind Textdateien, die auf Ihrem Computer gespeichert<br \/>\nwerden und die eine Analyse der Benutzung der Website durch Sie erm\u00f6glichen. Die durch den Cookie erzeugten<br \/>\nInformationen \u00fcber Ihre Benutzung dieser Website werden in der Regel an einen Server von Google in den USA<br \/>\n\u00fcbertragen und dort gespeichert.<br \/>\nDie Speicherung von Google-Analytics-Cookies und die Nutzung dieses Analyse-Tools erfolgen auf Grundlage von<br \/>\nArt. 6 Abs. 1 lit. f DSGVO. Der Websitebetreiber hat ein berechtigtes Interesse an der Analyse des<br \/>\nNutzerverhaltens, um sowohl sein Webangebot als auch seine Werbung zu optimieren. Sofern eine entsprechende<br \/>\nEinwilligung abgefragt wurde (z. B. eine Einwilligung zur Speicherung von Cookies), erfolgt die Verarbeitung<br \/>\nausschlie\u00dflich auf Grundlage von Art. 6 Abs. 1 lit. a DSGVO; die Einwilligung ist jederzeit widerrufbar.<\/p>\n<p><strong>C. Dauer der Datenspeicherung<\/strong><br \/>\nWir speichern personenbezogene Daten nur so lange, wie es f\u00fcr die Zwecke, f\u00fcr die sie verarbeitet werden,<br \/>\nerforderlich ist oder eine von Ihnen erteilte Einwilligung von Ihnen widerrufen wurde. Soweit gesetzliche<br \/>\nAufbewahrungspflichten zu beachten sind, kann die Speicherdauer zu bestimmten Daten ungeachtet der<\/p>\n<p>Verarbeitungszwecke bis zu 10 Jahre betragen.<\/p>\n<p><strong>D. Datensicherheit<\/strong><br \/>\nUm die Sicherheit der an uns \u00fcbermittelten Daten zu gew\u00e4hrleisten, nutzen wir eine SSL-256 bit-Verschl\u00fcsselung.<br \/>\nSie erkennen derart verschl\u00fcsselte Verbindungen an dem Pr\u00e4fix \u201chttps:\/\/\u201c im Seitenlink in der Adresszeile Ihres<br \/>\nBrowsers. Unverschl\u00fcsselte Seite sind durch \u201ehttp:\/\/\u201c gekennzeichnet.<\/p>\n<p>S\u00e4mtliche Daten, welche Sie an unsere Website \u00fcbermitteln \u2013 etwa bei Anfragen oder Logins \u2013 k\u00f6nnen dank SSL-<br \/>\nVerschl\u00fcsselung nicht von Dritten gelesen werden.<\/p>\n<p>&nbsp;<\/p>\n<p><strong>E. Ihre Betroffenenrechte<\/strong><br \/>\na) Auskunft<br \/>\nAuf Wunsch erhalten Sie jederzeit unentgeltlich Auskunft \u00fcber alle personenbezogenen Daten, die wir \u00fcber Sie<br \/>\ngespeichert haben.<br \/>\nb) Berichtigung, L\u00f6schung, Einschr\u00e4nkung der Verarbeitung (Sperrung), Widerspruch<br \/>\nSollten Sie mit der Speicherung Ihrer personenbezogenen Daten nicht mehr einverstanden oder sollten diese<br \/>\nunrichtig geworden sein, werden wir auf eine entsprechende Weisung hin die L\u00f6schung oder Sperrung Ihrer Daten<br \/>\nveranlassen oder die notwendigen Korrekturen vornehmen (soweit dies nach dem geltenden Recht m\u00f6glich ist).<br \/>\nGleiches gilt, sofern wir Daten k\u00fcnftig nur noch einschr\u00e4nkend verarbeiten sollen.<br \/>\nc) Daten\u00fcbertragbarkeit<br \/>\nAuf Antrag stellen wir Ihnen Ihre Daten in einem g\u00e4ngigen, strukturierten und maschinenlesbaren Format bereit, so<br \/>\ndass Sie die Daten auf Wunsch einem anderen Verantwortlichen \u00fcbermitteln k\u00f6nnen.<br \/>\nd) Beschwerderecht<br \/>\nEs besteht ein Beschwerderecht bei der zust\u00e4ndigen Aufsichtsbeh\u00f6rde:<br \/>\n(https:\/\/www.bfdi.bund.de\/DE\/Infothek\/Anschriften_Links\/anschriften_links-node.html).<br \/>\ne) Widerrufsrecht bei Einwilligungen mit Wirkung f\u00fcr die Zukunft<br \/>\nErteilte Einwilligungen k\u00f6nnen Sie mit Wirkung f\u00fcr die Zukunft jederzeit widerrufen. Durch Ihren Widerruf wird die<br \/>\nRechtm\u00e4\u00dfigkeit der Verarbeitung bis zum Zeitpunkt des Widerrufs nicht ber\u00fchrt.<br \/>\nf) Einschr\u00e4nkungen<br \/>\nDaten, bei denen wir nicht in der Lage sind die betroffene Person zu identifizieren, bspw. wenn diese zu<br \/>\nAnalysezwecken anonymisiert wurden, sind nicht von den vorstehenden Rechten umfasst. Auskunft, L\u00f6schung,<br \/>\nSperrung, Korrektur oder \u00dcbertragung an ein anderes Unternehmen sind in Bezug auf diese Daten ggf. m\u00f6glich,<br \/>\nwenn Sie uns zus\u00e4tzliche Informationen, die uns eine Identifizierung erlauben, bereitstellen.<br \/>\ng) Aus\u00fcbung Ihrer Betroffenenrechte<br \/>\nBei Fragen zur Verarbeitung Ihrer personenbezogenen Daten, bei Ausk\u00fcnften, Berichtigung, Sperrung,<br \/>\nWiderspruch oder L\u00f6schung von Daten oder dem Wunsch der \u00dcbertragung der Daten an ein anderes<br \/>\nUnternehmen, wenden Sie sich bitte an romeo.taschin@romeotaschin.de<\/p>\n<p><strong>F. Newsletter<\/strong><\/p>\n<p>Wenn Sie den auf der Website angebotenen Newsletter beziehen m\u00f6chten, ben\u00f6tigen wir von Ihnen eine E-Mail-<br \/>\nAdresse sowie Informationen, welche uns die \u00dcberpr\u00fcfung gestatten, dass Sie der Inhaber der angegebenen E-<br \/>\nMail-Adresse sind und mit dem Empfang des Newsletters einverstanden sind. Weitere Daten werden nicht bzw. nur<\/p>\n<p>auf freiwilliger Basis erhoben. Diese Daten verwenden wir ausschlie\u00dflich f\u00fcr den Versand der angeforderten<br \/>\nInformationen und geben diese nicht an Dritte weiter.<br \/>\nDie Verarbeitung der in das Newsletteranmeldeformular eingegebenen Daten erfolgt ausschlie\u00dflich auf Grundlage<\/p>\n<p>Ihrer Einwilligung (Art. 6 Abs. 1 lit. a DSGVO). Die erteilte Einwilligung zur Speicherung der Daten, der E-Mail-<br \/>\nAdresse sowie deren Nutzung zum Versand des Newsletters k\u00f6nnen Sie jederzeit widerrufen, etwa \u00fcber den<\/p>\n<p>&#8222;Austragen&#8220;-Link im Newsletter. Die Rechtm\u00e4\u00dfigkeit der bereits erfolgten Datenverarbeitungsvorg\u00e4nge bleibt vom<br \/>\nWiderruf unber\u00fchrt.<br \/>\nDie von Ihnen zum Zwecke des Newsletter-Bezugs bei uns hinterlegten Daten werden von uns bis zu Ihrer<br \/>\nAustragung aus dem Newsletter gespeichert und nach der Abbestellung des Newsletters gel\u00f6scht. Daten, die zu<br \/>\nanderen Zwecken bei uns gespeichert wurden (z.B. E-Mail-Adressen f\u00fcr den Mitgliederbereich) bleiben hiervon<br \/>\nunber\u00fchrt.<br \/>\nWenn Sie zuk\u00fcnftig keinen Newsletter mehr erhalten m\u00f6chten, k\u00f6nnen Sie diesen auch jederzeit einfach wieder<br \/>\nabbestellen, z. B. per E-Mail info@cleverreach.com oder \u00fcber den Link zur Abbestellung des Newsletters, den Sie<br \/>\nin jeder Newsletter-E-Mail vorfinden. Ihre Daten f\u00fcr den Newsletterversand werden nach Beendigung des<br \/>\nNewsletter-Empfangs innerhalb von 3 Monaten gel\u00f6scht, sofern der L\u00f6schung keine gesetzlichen<br \/>\nAufbewahrungspflichten entgegenstehen.<br \/>\na) CleverReach<br \/>\nDiese Website nutzt CleverReach f\u00fcr den Versand von Newslettern. Anbieter ist die CleverReach GmbH &amp; Co. KG,<br \/>\nM\u00fchlenstr. 43, 26180 Rastede. CleverReach ist ein Dienst, mit dem der Newsletterversand organisiert und<br \/>\nanalysiert werden kann. Die von Ihnen zwecks Newsletterbezug eingegebenen Daten (z.B. E-Mail-Adresse)<br \/>\nwerden auf den Servern von CleverReach in Deutschland bzw. Irland gespeichert.<br \/>\nUnsere mit CleverReach versandten Newsletter erm\u00f6glichen uns die Analyse des Verhaltens der<br \/>\nNewsletterempf\u00e4nger. Hierbei kann u. a. analysiert werden, wie viele Empf\u00e4nger die Newsletternachricht ge\u00f6ffnet<br \/>\nhaben und wie oft welcher Link im Newsletter angeklickt wurde. Mit Hilfe des sogenannten Conversion-Trackings<br \/>\nkann au\u00dferdem analysiert werden, ob nach Anklicken des Links im Newsletter eine vorab definierte Aktion (z.B.<\/p>\n<p>Kauf eines Produkts auf unserer Website) erfolgt ist. Weitere Informationen zur Datenanalyse durch CleverReach-<br \/>\nNewsletter erhalten Sie unter: https:\/\/www.cleverreach.com\/de\/funktionen\/reporting-und-tracking\/.<\/p>\n<p>Die Datenverarbeitung erfolgt auf Grundlage Ihrer Einwilligung (Art. 6 Abs. 1 lit. a DSGVO). Sie k\u00f6nnen diese<br \/>\nEinwilligung jederzeit widerrufen, indem Sie den Newsletter abbestellen. Die Rechtm\u00e4\u00dfigkeit der bereits erfolgten<br \/>\nDatenverarbeitungsvorg\u00e4nge bleibt vom Widerruf unber\u00fchrt.<\/p>\n<p>Wenn Sie keine Analyse durch CleverReach wollen, m\u00fcssen Sie den Newsletter abbestellen. Hierf\u00fcr stellen wir in<br \/>\njeder Newsletternachricht einen entsprechenden Link zur Verf\u00fcgung. Des Weiteren k\u00f6nnen Sie den Newsletter<br \/>\nauch direkt auf der Website abbestellen.<br \/>\nDie von Ihnen zum Zwecke des Newsletter-Bezugs bei uns hinterlegten Daten werden von uns bis zu Ihrer<br \/>\nAustragung aus dem Newsletter gespeichert und nach der Abbestellung des Newsletters sowohl von unseren<br \/>\nServern als auch von den Servern von CleverReach gel\u00f6scht. Daten, die zu anderen Zwecken bei uns gespeichert<br \/>\nwurden (z.B. E-Mail-Adressen f\u00fcr den Mitgliederbereich) bleiben hiervon unber\u00fchrt.<br \/>\nN\u00e4heres entnehmen Sie den Datenschutzbestimmungen von CleverReach<br \/>\nunter: https:\/\/www.cleverreach.com\/de\/datenschutz\/.<br \/>\nb) Google reCAPTCHA<br \/>\nWir verwenden den Google-Dienst reCaptcha, um festzustellen, ob ein Mensch oder ein Computer eine bestimmte<br \/>\nEingabe in unserem Kontakt- oder Newsletter-Formular macht. Google pr\u00fcft anhand folgender Daten, ob Sie ein<br \/>\nMensch oder ein Computer sind: IP-Adresse des verwendeten Endger\u00e4ts, die Webseite, die Sie bei uns besuchen<br \/>\nund auf der das Captcha eingebunden ist, das Datum und die Dauer des Besuchs, die Erkennungsdaten des<br \/>\nverwendeten Browser- und Betriebssystem-Typs, Google-Account, wenn Sie bei Google eingeloggt sind,<br \/>\nMausbewegungen auf den reCaptcha-Fl\u00e4chen sowie Aufgaben, bei denen Sie Bilder identifizieren m\u00fcssen.<br \/>\nRechtsgrundlage f\u00fcr die beschriebene Datenverarbeitung ist Art. 6 Abs. 1 lit. f Datenschutz-Grundverordnung. Es<br \/>\nbesteht ein berechtigtes Interesse auf unserer Seite an dieser Datenverarbeitung, die Sicherheit unserer Webseite<br \/>\nzu gew\u00e4hrleisten und uns vor automatisierten Eingaben (Angriffen) zu sch\u00fctzen.<\/p>\n<p>&nbsp;<\/p>\n<p>&nbsp;<\/p>\n<p>&nbsp;<\/p>\n<p>[\/vc_column_text][\/vc_column][\/vc_row]<\/p>","protected":false},"excerpt":{"rendered":"<p>[vc_row][vc_column][vc_column_text]DATENSCHUTZERKL\u00c4RUNG A. Verantwortlich f\u00fcr die Datenverarbeitung Verantwortlich f\u00fcr die Verarbeitung personenbezogener Daten im Rahmen dieses Webauftritts gem\u00e4\u00df den Vorschriften der Datenschutzgrundverordnung (DSGVO) ist: Romeo taschin The Gastro Coach Spessartstrasse 39A D-97249 Eisingen Tel:0049 \/ 176 \/ 45614142 Web: www.romeotaschin.de E-Mail: [&hellip;]<\/p>","protected":false},"author":1,"featured_media":0,"parent":0,"menu_order":0,"comment_status":"closed","ping_status":"closed","template":"","meta":[],"_links":{"self":[{"href":"http:\/\/romeotaschin.de\/it\/wp-json\/wp\/v2\/pages\/4446"}],"collection":[{"href":"http:\/\/romeotaschin.de\/it\/wp-json\/wp\/v2\/pages"}],"about":[{"href":"http:\/\/romeotaschin.de\/it\/wp-json\/wp\/v2\/types\/page"}],"author":[{"embeddable":true,"href":"http:\/\/romeotaschin.de\/it\/wp-json\/wp\/v2\/users\/1"}],"replies":[{"embeddable":true,"href":"http:\/\/romeotaschin.de\/it\/wp-json\/wp\/v2\/comments?post=4446"}],"version-history":[{"count":0,"href":"http:\/\/romeotaschin.de\/it\/wp-json\/wp\/v2\/pages\/4446\/revisions"}],"wp:attachment":[{"href":"http:\/\/romeotaschin.de\/it\/wp-json\/wp\/v2\/media?parent=4446"}],"curies":[{"name":"wp","href":"https:\/\/api.w.org\/{rel}","templated":true}]}}