{"id":4469,"date":"2020-06-13T12:54:13","date_gmt":"2020-06-13T12:54:13","guid":{"rendered":"http:\/\/romeotaschin.de\/?page_id=4469"},"modified":"2020-06-13T13:13:17","modified_gmt":"2020-06-13T13:13:17","slug":"rt-impressum-2","status":"publish","type":"page","link":"http:\/\/romeotaschin.de\/it\/rt-impressum-2\/","title":{"rendered":"Impressum"},"content":{"rendered":"<p>[vc_row][vc_column][vc_column_text]<\/p>\n<p style=\"text-align: center;\"><strong>Impressum<\/strong><\/p>\n<p style=\"text-align: center;\">Romeo Taschin<br \/>\nThe Gastro Coach<br \/>\nSpessartstrasse 39A<br \/>\n97249 Eisingen<\/p>\n<p style=\"text-align: center;\">ANGABEN NACH \u00a7 5 TMG<br \/>\n<strong>Besucheradresse:<\/strong><br \/>\nRomeo Taschin<br \/>\nThe Gastro Coach<br \/>\nSpessartstrasse 39A<br \/>\n97249 Eisingen<\/p>\n<p style=\"text-align: center;\"><strong>Rechnungsadresse:<\/strong><br \/>\nRomeo Taschin<br \/>\nThe Gastro Coach<br \/>\nSpessartstrasse 39A<br \/>\n97249 Eisingen<\/p>\n<p style=\"text-align: center;\"><strong>KONTAKTINFORMATIONEN<\/strong><br \/>\nTel:0049 \/ 176 \/ 45614142<br \/>\nWeb: www.romeotaschin.de<br \/>\nE-Mail: romeo.taschin@romeotaschin.de<\/p>\n<p>&nbsp;<\/p>\n<p>&nbsp;<\/p>\n<p><strong>HAFTUNGSAUSSCHLUSS (DISCLAIMER)<\/strong><br \/>\n<strong>HAFTUNG F\u00dcR INHALTE<\/strong><br \/>\nAls Diensteanbieter sind wir gem\u00e4\u00df \u00a7 7 Abs.1 TMG f\u00fcr eigene Inhalte auf diesen Seiten nach<br \/>\nden allgemeinen Gesetzen verantwortlich. Nach \u00a7\u00a7 8 bis 10 TMG sind wir als Diensteanbieter<br \/>\njedoch nicht verpflichtet, \u00fcbermittelte oder gespeicherte fremde Informationen zu \u00fcberwachen<br \/>\noder nach Umst\u00e4nden zu forschen, die auf eine rechtswidrige T\u00e4tigkeit hinweisen.<br \/>\nVerpflichtungen zur Entfernung oder Sperrung der Nutzung von Informationen nach den<br \/>\nallgemeinen Gesetzen bleiben hiervon unber\u00fchrt. Eine diesbez\u00fcgliche Haftung ist jedoch erst<br \/>\nab dem Zeitpunkt der Kenntnis einer konkreten Rechtsverletzung m\u00f6glich. Bei Bekanntwerden<br \/>\nvon entsprechenden Rechtsverletzungen werden wir diese Inhalte umgehend entfernen.<\/p>\n<p><strong>HAFTUNG F\u00dcR LINKS<\/strong><br \/>\nUnser Angebot enth\u00e4lt Links zu externen Webseiten Dritter, auf deren Inhalte wir keinen<br \/>\nEinfluss haben. Deshalb k\u00f6nnen wir f\u00fcr diese fremden Inhalte auch keine Gew\u00e4hr \u00fcbernehmen.<br \/>\nF\u00fcr die Inhalte der verlinkten Seiten ist stets der jeweilige Anbieter oder Betreiber der Seiten<br \/>\nverantwortlich. Die verlinkten Seiten wurden zum Zeitpunkt der Verlinkung auf m\u00f6gliche<br \/>\nRechtsverst\u00f6\u00dfe \u00fcberpr\u00fcft. Rechtswidrige Inhalte waren zum Zeitpunkt der Verlinkung nicht<br \/>\nerkennbar. Eine permanente inhaltliche Kontrolle der verlinkten Seiten ist jedoch ohne konkrete<br \/>\nAnhaltspunkte einer Rechtsverletzung nicht zumutbar. Bei Bekanntwerden von<br \/>\nRechtsverletzungen werden wir derartige Links umgehend entfernen.<\/p>\n<p><strong>HAFTUNG F\u00dcR URHEBERRECHT<\/strong><br \/>\nDie durch die Seitenbetreiber erstellten Inhalte und Werke auf diesen Seiten unterliegen dem<br \/>\ndeutschen Urheberrecht. Die Vervielf\u00e4ltigung, Bearbeitung, Verbreitung und jede Art der<br \/>\nVerwertung au\u00dferhalb der Grenzen des Urheberrechtes bed\u00fcrfen der schriftlichen Zustimmung<br \/>\ndes jeweiligen Autors bzw. Erstellers. Downloads und Kopien dieser Seite sind nur f\u00fcr den<br \/>\nprivaten, nicht kommerziellen Gebrauch gestattet. Soweit die Inhalte auf dieser Seite nicht vom<br \/>\nBetreiber erstellt wurden, werden die Urheberrechte Dritter beachtet. Insbesondere werden<br \/>\nInhalte Dritter als solche gekennzeichnet. Sollten Sie trotzdem auf eine<\/p>\n<p>Urheberrechtsverletzung aufmerksam werden<\/p>\n<p>&nbsp;<\/p>\n<p>&nbsp;<\/p>\n<p>&nbsp;<\/p>\n<p>[\/vc_column_text][\/vc_column][\/vc_row]<\/p>","protected":false},"excerpt":{"rendered":"<p>[vc_row][vc_column][vc_column_text] Impressum Romeo Taschin The Gastro Coach Spessartstrasse 39A 97249 Eisingen ANGABEN NACH \u00a7 5 TMG Besucheradresse: Romeo Taschin The Gastro Coach Spessartstrasse 39A 97249 Eisingen Rechnungsadresse: Romeo Taschin The Gastro Coach Spessartstrasse 39A 97249 Eisingen KONTAKTINFORMATIONEN Tel:0049 \/ 176 [&hellip;]<\/p>","protected":false},"author":1,"featured_media":0,"parent":0,"menu_order":0,"comment_status":"closed","ping_status":"closed","template":"","meta":[],"_links":{"self":[{"href":"http:\/\/romeotaschin.de\/it\/wp-json\/wp\/v2\/pages\/4469"}],"collection":[{"href":"http:\/\/romeotaschin.de\/it\/wp-json\/wp\/v2\/pages"}],"about":[{"href":"http:\/\/romeotaschin.de\/it\/wp-json\/wp\/v2\/types\/page"}],"author":[{"embeddable":true,"href":"http:\/\/romeotaschin.de\/it\/wp-json\/wp\/v2\/users\/1"}],"replies":[{"embeddable":true,"href":"http:\/\/romeotaschin.de\/it\/wp-json\/wp\/v2\/comments?post=4469"}],"version-history":[{"count":0,"href":"http:\/\/romeotaschin.de\/it\/wp-json\/wp\/v2\/pages\/4469\/revisions"}],"wp:attachment":[{"href":"http:\/\/romeotaschin.de\/it\/wp-json\/wp\/v2\/media?parent=4469"}],"curies":[{"name":"wp","href":"https:\/\/api.w.org\/{rel}","templated":true}]}}