{"id":4476,"date":"2020-06-13T13:25:33","date_gmt":"2020-06-13T13:25:33","guid":{"rendered":"http:\/\/romeotaschin.de\/?page_id=4476"},"modified":"2020-06-23T19:03:11","modified_gmt":"2020-06-23T19:03:11","slug":"kontaktiere-uns","status":"publish","type":"page","link":"http:\/\/romeotaschin.de\/it\/kontaktiere-uns\/","title":{"rendered":"Contattatemi"},"content":{"rendered":"<p>[vc_row row_content_width=&#8220;grid&#8220; css=&#8220;.vc_custom_1518511219703{padding-top: 130px !important;padding-bottom: 90px !important;}&#8220;][vc_column width=&#8220;1\/2&#8243; offset=&#8220;vc_col-lg-offset-1 vc_col-lg-4 vc_col-md-6&#8243;]<div class=\"eltdf-elements-holder   eltdf-one-column  eltdf-responsive-mode-768\" ><div class=\"eltdf-eh-item\"  data-item-class=\"eltdf-eh-custom-7044\" data-1280-1600=\"0px 0px 5% 0px\" data-1024-1280=\"0px 2% 0px\" data-768-1024=\"0px 1% 0px\" data-680-768=\"0px\" data-680=\"0px\">\n\t<div class=\"eltdf-eh-item-inner\">\n\t\t<div class=\"eltdf-eh-item-content eltdf-eh-custom-7044\" style=\"padding: 0px 60px 0px 0px\">\n\t\t\t[vc_row_inner][vc_column_inner][vc_column_text css=&#8220;.vc_custom_1592938824038{margin-top: -28px !important;}&#8220;]<\/p>\n<h4>CONTATTATEMI<\/h4>\n<p>[\/vc_column_text][vc_empty_space height=&#8220;12px&#8220;][vc_column_text]Ich freue mich auf Ihre Nachricht!<br \/>\nSelbstverst\u00e4ndlich stehe ich Ihnen f\u00fcr ein kostenfreies Erstgespr\u00e4ch zur Verf\u00fcgung.[\/vc_column_text][vc_empty_space height=&#8220;13px&#8220;][vc_column_text]<\/p>\n<h6>Telefono:<\/h6>\n<h6><a style=\"font-size: 14px; font-weight: 400; color: #999; letter-spacing: .1em;\" href=\"tel:+49-176-45614142\">+49 176 45614142<\/a><\/h6>\n<p>[\/vc_column_text][vc_empty_space height=&#8220;7px&#8220;][vc_column_text]<\/p>\n<h6>E-mail:<\/h6>\n<h6><a style=\"font-size: 14px; font-weight: 400; color: #999; letter-spacing: .1em; text-transform: lowercase;\" href=\"mailto:romeo.taschin@romeotaschin.de\">romeo.taschin@romeotaschin.de<\/a><\/h6>\n<p>[\/vc_column_text][vc_empty_space height=&#8220;7px&#8220;][vc_column_text]<\/p>\n<h6>Indirizzo<\/h6>\n<h6><span style=\"font-size: 14px; font-weight: 400; color: #999; letter-spacing: .1em; text-transform: capitalize;\">Romeo Taschin<br \/>\nThe Gastro Coach<br \/>\nSpessartstrasse 39A<br \/>\n97249 Eisingen<\/span><\/h6>\n<p>[\/vc_column_text][vc_empty_space height=&#8220;7px&#8220;][\/vc_column_inner][\/vc_row_inner]\t\t<\/div>\n\t<\/div>\n<\/div><\/div>[\/vc_column][vc_column width=&#8220;1\/2&#8243; offset=&#8220;vc_col-lg-6 vc_col-md-6&#8243;]<div role=\"form\" class=\"wpcf7\" id=\"wpcf7-f8-o1\" lang=\"en-US\" dir=\"ltr\">\n<div class=\"screen-reader-response\"><p role=\"status\" aria-live=\"polite\" aria-atomic=\"true\"><\/p> <ul><\/ul><\/div>\n<form action=\"\/it\/wp-json\/wp\/v2\/pages\/4476#wpcf7-f8-o1\" method=\"post\" class=\"wpcf7-form init cf7_custom_style_1\" novalidate=\"novalidate\" data-status=\"init\" data-trp-original-action=\"\/it\/wp-json\/wp\/v2\/pages\/4476#wpcf7-f8-o1\">\n<div style=\"display: none;\">\n<input type=\"hidden\" name=\"_wpcf7\" value=\"8\" \/>\n<input type=\"hidden\" name=\"_wpcf7_version\" value=\"5.3\" \/>\n<input type=\"hidden\" name=\"_wpcf7_locale\" value=\"en_US\" \/>\n<input type=\"hidden\" name=\"_wpcf7_unit_tag\" value=\"wpcf7-f8-o1\" \/>\n<input type=\"hidden\" name=\"_wpcf7_container_post\" value=\"0\" \/>\n<input type=\"hidden\" name=\"_wpcf7_posted_data_hash\" value=\"\" \/>\n<\/div>\n<p><label> Il Vostro nome (obbligatorio)<br \/>\n    <span class=\"wpcf7-form-control-wrap your-name\"><input type=\"text\" name=\"your-name\" value=\"\" size=\"40\" class=\"wpcf7-form-control wpcf7-text wpcf7-validates-as-required\" aria-required=\"true\" aria-invalid=\"false\" \/><\/span> <\/label><\/p>\n<p><label> La vostra e-mail (obbligatoria)<br \/>\n    <span class=\"wpcf7-form-control-wrap your-email\"><input type=\"email\" name=\"your-email\" value=\"\" size=\"40\" class=\"wpcf7-form-control wpcf7-text wpcf7-email wpcf7-validates-as-required wpcf7-validates-as-email\" aria-required=\"true\" aria-invalid=\"false\" \/><\/span> <\/label><\/p>\n<p><label> Oggetto<br \/>\n    <span class=\"wpcf7-form-control-wrap your-subject\"><input type=\"text\" name=\"your-subject\" value=\"\" size=\"40\" class=\"wpcf7-form-control wpcf7-text\" aria-invalid=\"false\" \/><\/span> <\/label><\/p>\n<p><label> Messaggio<br \/>\n    <span class=\"wpcf7-form-control-wrap your-message\"><textarea name=\"your-message\" cols=\"40\" rows=\"10\" class=\"wpcf7-form-control wpcf7-textarea\" aria-invalid=\"false\"><\/textarea><\/span> <\/label><\/p>\n<p><label> Trattamento Dati<br \/>\n<\/label><\/p>\n<p><label> I dati personali forniti dagli utenti non vengono diffusi a terzi, se non nei casi previsti dalla legge. Misure di\nsicurezza sono osservate per prevenire la perdita dei dati, usi illeciti o non corretti ed accessi non autorizzati.<br \/>\n<\/label><\/p>\n<p><label><br \/>\n<a href=\"http:\/\/romeotaschin.de\/it\/rt-datenschutzerklaerung\/\">Leggi trattamento dati<\/a><br \/>\n<\/label><\/p>\n<p><label><br \/>\n<span class=\"wpcf7-form-control-wrap acceptance-210\"><span class=\"wpcf7-form-control wpcf7-acceptance\"><span class=\"wpcf7-list-item\"><label><input type=\"checkbox\" name=\"acceptance-210\" value=\"1\" aria-invalid=\"false\" \/><span class=\"wpcf7-list-item-label\">Accetto le norme sulla protezione dei dati<\/span><\/label><\/span><\/span><\/span><br \/>\n<\/label><\/p>\n<p><input type=\"submit\" value=\"Senden\" class=\"wpcf7-form-control wpcf7-submit\" \/><\/p>\n<div class=\"wpcf7-response-output\" aria-hidden=\"true\"><\/div><input type=\"hidden\" name=\"trp-form-language\" value=\"it\"\/><\/form><\/div>[\/vc_column][vc_column][\/vc_column][vc_column][\/vc_column][vc_column][\/vc_column][\/vc_row]<\/p>","protected":false},"excerpt":{"rendered":"<p>[vc_row row_content_width=&#8220;grid&#8220; css=&#8220;.vc_custom_1518511219703{padding-top: 130px !important;padding-bottom: 90px !important;}&#8220;][vc_column width=&#8220;1\/2&#8243; offset=&#8220;vc_col-lg-offset-1 vc_col-lg-4 vc_col-md-6&#8243;][\/vc_column][vc_column width=&#8220;1\/2&#8243; offset=&#8220;vc_col-lg-6 vc_col-md-6&#8243;][\/vc_column][vc_column][\/vc_column][vc_column][\/vc_column][vc_column][\/vc_column][\/vc_row]<\/p>","protected":false},"author":1,"featured_media":0,"parent":0,"menu_order":0,"comment_status":"closed","ping_status":"closed","template":"full-width.php","meta":[],"_links":{"self":[{"href":"http:\/\/romeotaschin.de\/it\/wp-json\/wp\/v2\/pages\/4476"}],"collection":[{"href":"http:\/\/romeotaschin.de\/it\/wp-json\/wp\/v2\/pages"}],"about":[{"href":"http:\/\/romeotaschin.de\/it\/wp-json\/wp\/v2\/types\/page"}],"author":[{"embeddable":true,"href":"http:\/\/romeotaschin.de\/it\/wp-json\/wp\/v2\/users\/1"}],"replies":[{"embeddable":true,"href":"http:\/\/romeotaschin.de\/it\/wp-json\/wp\/v2\/comments?post=4476"}],"version-history":[{"count":0,"href":"http:\/\/romeotaschin.de\/it\/wp-json\/wp\/v2\/pages\/4476\/revisions"}],"wp:attachment":[{"href":"http:\/\/romeotaschin.de\/it\/wp-json\/wp\/v2\/media?parent=4476"}],"curies":[{"name":"wp","href":"https:\/\/api.w.org\/{rel}","templated":true}]}}